{"id":2,"date":"2025-05-21T15:18:00","date_gmt":"2025-05-21T15:18:00","guid":{"rendered":"https:\/\/szymanczyk.eu\/?page_id=2"},"modified":"2025-05-21T21:06:19","modified_gmt":"2025-05-21T21:06:19","slug":"home","status":"publish","type":"page","link":"https:\/\/szymanczyk.eu\/","title":{"rendered":"Witaj"},"content":{"rendered":"\t\t<div data-elementor-type=\"wp-page\" data-elementor-id=\"2\" class=\"elementor elementor-2\">\n\t\t\t\t<div class=\"elementor-element elementor-element-d216507 e-flex e-con-boxed e-con e-parent\" data-id=\"d216507\" data-element_type=\"container\" data-e-type=\"container\">\n\t\t\t\t\t<div class=\"e-con-inner\">\n\t\t<div class=\"elementor-element elementor-element-4498bd8 e-con-full e-flex e-con e-child\" data-id=\"4498bd8\" data-element_type=\"container\" data-e-type=\"container\">\n\t\t\t\t<div class=\"elementor-element elementor-element-7668537 elementor-widget elementor-widget-heading\" data-id=\"7668537\" data-element_type=\"widget\" data-e-type=\"widget\" data-widget_type=\"heading.default\">\n\t\t\t\t<div class=\"elementor-widget-container\">\n\t\t\t\t\t<h1 class=\"elementor-heading-title elementor-size-default\">Dariusz Szyma\u0144czyk<\/h1>\t\t\t\t<\/div>\n\t\t\t\t<\/div>\n\t\t\t\t<\/div>\n\t\t<div class=\"elementor-element elementor-element-4e1a3fb e-con-full e-flex e-con e-child\" data-id=\"4e1a3fb\" data-element_type=\"container\" data-e-type=\"container\">\n\t\t\t\t<div class=\"elementor-element elementor-element-c453866 elementor-icon-list--layout-inline elementor-align-end elementor-list-item-link-full_width elementor-widget elementor-widget-icon-list\" data-id=\"c453866\" data-element_type=\"widget\" data-e-type=\"widget\" data-widget_type=\"icon-list.default\">\n\t\t\t\t<div class=\"elementor-widget-container\">\n\t\t\t\t\t\t\t<ul class=\"elementor-icon-list-items elementor-inline-items\">\n\t\t\t\t\t\t\t<li class=\"elementor-icon-list-item elementor-inline-item\">\n\t\t\t\t\t\t\t\t\t\t\t<a href=\"tel:+48501021831\">\n\n\t\t\t\t\t\t\t\t\t\t\t\t<span class=\"elementor-icon-list-icon\">\n\t\t\t\t\t\t\t<svg aria-hidden=\"true\" class=\"e-font-icon-svg e-fas-mobile-alt\" viewBox=\"0 0 320 512\" xmlns=\"http:\/\/www.w3.org\/2000\/svg\"><path d=\"M272 0H48C21.5 0 0 21.5 0 48v416c0 26.5 21.5 48 48 48h224c26.5 0 48-21.5 48-48V48c0-26.5-21.5-48-48-48zM160 480c-17.7 0-32-14.3-32-32s14.3-32 32-32 32 14.3 32 32-14.3 32-32 32zm112-108c0 6.6-5.4 12-12 12H60c-6.6 0-12-5.4-12-12V60c0-6.6 5.4-12 12-12h200c6.6 0 12 5.4 12 12v312z\"><\/path><\/svg>\t\t\t\t\t\t<\/span>\n\t\t\t\t\t\t\t\t\t\t<span class=\"elementor-icon-list-text\">+48 501 021 831<\/span>\n\t\t\t\t\t\t\t\t\t\t\t<\/a>\n\t\t\t\t\t\t\t\t\t<\/li>\n\t\t\t\t\t\t\t\t<li class=\"elementor-icon-list-item elementor-inline-item\">\n\t\t\t\t\t\t\t\t\t\t\t<a href=\"mailto:dariusz@szymanczyk.eu\">\n\n\t\t\t\t\t\t\t\t\t\t\t\t<span class=\"elementor-icon-list-icon\">\n\t\t\t\t\t\t\t<svg aria-hidden=\"true\" class=\"e-font-icon-svg e-far-envelope\" viewBox=\"0 0 512 512\" xmlns=\"http:\/\/www.w3.org\/2000\/svg\"><path d=\"M464 64H48C21.49 64 0 85.49 0 112v288c0 26.51 21.49 48 48 48h416c26.51 0 48-21.49 48-48V112c0-26.51-21.49-48-48-48zm0 48v40.805c-22.422 18.259-58.168 46.651-134.587 106.49-16.841 13.247-50.201 45.072-73.413 44.701-23.208.375-56.579-31.459-73.413-44.701C106.18 199.465 70.425 171.067 48 152.805V112h416zM48 400V214.398c22.914 18.251 55.409 43.862 104.938 82.646 21.857 17.205 60.134 55.186 103.062 54.955 42.717.231 80.509-37.199 103.053-54.947 49.528-38.783 82.032-64.401 104.947-82.653V400H48z\"><\/path><\/svg>\t\t\t\t\t\t<\/span>\n\t\t\t\t\t\t\t\t\t\t<span class=\"elementor-icon-list-text\">dariusz@szymanczyk.eu<\/span>\n\t\t\t\t\t\t\t\t\t\t\t<\/a>\n\t\t\t\t\t\t\t\t\t<\/li>\n\t\t\t\t\t\t<\/ul>\n\t\t\t\t\t\t<\/div>\n\t\t\t\t<\/div>\n\t\t\t\t<\/div>\n\t\t\t\t\t<\/div>\n\t\t\t\t<\/div>\n\t\t<div class=\"elementor-element elementor-element-8e51a83 e-flex e-con-boxed e-con e-parent\" data-id=\"8e51a83\" data-element_type=\"container\" data-e-type=\"container\">\n\t\t\t\t\t<div class=\"e-con-inner\">\n\t\t<div class=\"elementor-element elementor-element-bd22caa e-con-full e-flex e-con e-child\" data-id=\"bd22caa\" data-element_type=\"container\" data-e-type=\"container\">\n\t\t\t\t<div class=\"elementor-element elementor-element-3cf8fed elementor-widget elementor-widget-heading\" data-id=\"3cf8fed\" data-element_type=\"widget\" data-e-type=\"widget\" data-widget_type=\"heading.default\">\n\t\t\t\t<div class=\"elementor-widget-container\">\n\t\t\t\t\t<h2 class=\"elementor-heading-title elementor-size-default\">WYBORY  \nDO ZARZ\u0104DU  \nW SBM  \nNASZA CHATA<\/h2>\t\t\t\t<\/div>\n\t\t\t\t<\/div>\n\t\t\t\t<div class=\"elementor-element elementor-element-cbf2a35 elementor-widget elementor-widget-text-editor\" data-id=\"cbf2a35\" data-element_type=\"widget\" data-e-type=\"widget\" data-widget_type=\"text-editor.default\">\n\t\t\t\t<div class=\"elementor-widget-container\">\n\t\t\t\t\t\t\t\t\t<p>Poniewa\u017c w SBM Nasza Chata planowane s\u0105 powa\u017cne zmiany w sk\u0142adzie Zarz\u0105du, postanowi\u0142em ubiega\u0107 si\u0119 o miejsce w nowym Zarz\u0105dzie.<\/p>\t\t\t\t\t\t\t\t<\/div>\n\t\t\t\t<\/div>\n\t\t\t\t<div class=\"elementor-element elementor-element-e442b1c elementor-widget elementor-widget-text-editor\" data-id=\"e442b1c\" data-element_type=\"widget\" data-e-type=\"widget\" data-widget_type=\"text-editor.default\">\n\t\t\t\t<div class=\"elementor-widget-container\">\n\t\t\t\t\t\t\t\t\t<p>Nazywam si\u0119 Dariusz Szyma\u0144czyk, mieszkam przy ul. Osowskiej 33 i od niemal 30 lat jestem cz\u0142onkiem SBM Nasza Chata.<\/p>\t\t\t\t\t\t\t\t<\/div>\n\t\t\t\t<\/div>\n\t\t\t\t<div class=\"elementor-element elementor-element-7d8850f elementor-widget elementor-widget-text-editor\" data-id=\"7d8850f\" data-element_type=\"widget\" data-e-type=\"widget\" data-widget_type=\"text-editor.default\">\n\t\t\t\t<div class=\"elementor-widget-container\">\n\t\t\t\t\t\t\t\t\t<p>Z wykszta\u0142cenia jestem ekonomist\u0105, ca\u0142a moja kariera zawodowa zwi\u0105zana jest z zarz\u0105dzaniem, marketingiem i sprzeda\u017c\u0105.<\/p>\t\t\t\t\t\t\t\t<\/div>\n\t\t\t\t<\/div>\n\t\t\t\t<\/div>\n\t\t<div class=\"elementor-element elementor-element-b34c070 e-con-full e-flex e-con e-child\" data-id=\"b34c070\" data-element_type=\"container\" data-e-type=\"container\">\n\t\t\t\t<div class=\"elementor-element elementor-element-c14e306 elementor-widget elementor-widget-image\" data-id=\"c14e306\" data-element_type=\"widget\" data-e-type=\"widget\" data-widget_type=\"image.default\">\n\t\t\t\t<div class=\"elementor-widget-container\">\n\t\t\t\t\t\t\t\t\t\t\t\t\t\t\t<img fetchpriority=\"high\" decoding=\"async\" width=\"549\" height=\"409\" src=\"https:\/\/szymanczyk.eu\/wp-content\/uploads\/2025\/05\/dsz.jpg\" class=\"attachment-large size-large wp-image-29\" alt=\"\" srcset=\"https:\/\/szymanczyk.eu\/wp-content\/uploads\/2025\/05\/dsz.jpg 549w, https:\/\/szymanczyk.eu\/wp-content\/uploads\/2025\/05\/dsz-300x223.jpg 300w\" sizes=\"(max-width: 549px) 100vw, 549px\" \/>\t\t\t\t\t\t\t\t\t\t\t\t\t\t\t<\/div>\n\t\t\t\t<\/div>\n\t\t\t\t<\/div>\n\t\t\t\t\t<\/div>\n\t\t\t\t<\/div>\n\t\t<div class=\"elementor-element elementor-element-7f90004 e-flex e-con-boxed e-con e-parent\" data-id=\"7f90004\" data-element_type=\"container\" data-e-type=\"container\">\n\t\t\t\t\t<div class=\"e-con-inner\">\n\t\t\t\t<div class=\"elementor-element elementor-element-fae6787 elementor-widget elementor-widget-text-editor\" data-id=\"fae6787\" data-element_type=\"widget\" data-e-type=\"widget\" data-widget_type=\"text-editor.default\">\n\t\t\t\t<div class=\"elementor-widget-container\">\n\t\t\t\t\t\t\t\t\t<p><strong>Jako cz\u0142onek Zarz\u0105du do\u0142o\u017c\u0119 wszelkich stara\u0144 aby w SBM Nasza Chata poprawi\u0142y si\u0119 sprawy:<\/strong><\/p><ol><li>Okre\u015blenia jasnej strategii inwestycyjnej. Warszawa ma coraz mniej dzia\u0142ek budowlanych. Nale\u017cy je kupowa\u0107 i budowa\u0107 domy, a nie trzyma\u0107 pieni\u0105dze w bankach na niskim oprocentowaniu.<\/li><li>Komunikacji z Cz\u0142onkami Sp\u00f3\u0142dzielni, szczeg\u00f3lnie mi\u0119dzy Walnymi Zgromadzeniami. Zarz\u0105d powinien respektowa\u0107 zdanie Sp\u00f3\u0142dzielc\u00f3w i dyskutowa\u0107 z nimi o planowanych zmianach. Cz\u0142onkowie Zarz\u0105du b\u0119d\u0105 pe\u0142nili dy\u017cury 2 razy w tygodniu do godz. 19:00 w Biurze Sp\u00f3\u0142dzielni, tak aby Sp\u00f3\u0142dzielcy mogli zg\u0142osi\u0107 nurtuj\u0105ce ich sprawy.<\/li><li>Zarz\u0105dzania nieruchomo\u015bciami i utrzymanie ich w bardzo dobrym stanie b\u0119dzie nadrz\u0119dnym zadaniem Zarz\u0105du. Jestem za zastosowaniem rozwi\u0105za\u0144 opartych na OZE w celu zmniejszenia koszt\u00f3w utrzymania cz\u0119\u015bci wsp\u00f3lnych.<\/li><li>Zarz\u0105dzania finansami. B\u0119d\u0119 promotorem pe\u0142nej otwarto\u015bci i poddawania pod dyskusj\u0119 kluczowych zmian i inwestycji.<\/li><\/ol>\t\t\t\t\t\t\t\t<\/div>\n\t\t\t\t<\/div>\n\t\t\t\t<div class=\"elementor-element elementor-element-1b6db43 elementor-widget elementor-widget-text-editor\" data-id=\"1b6db43\" data-element_type=\"widget\" data-e-type=\"widget\" data-widget_type=\"text-editor.default\">\n\t\t\t\t<div class=\"elementor-widget-container\">\n\t\t\t\t\t\t\t\t\t<p>Prosz\u0119 o Wasz\u0105 obecno\u015b\u0107 na Walnym Zebraniu w dniu <span style=\"color: #ff0000;\"><strong>3 czerwca 2025 r. o godzinie 18:00 przy ul. Tomasza Edisona 2 w Warszawie\u00a0<\/strong><\/span> i o Wasze g\u0142osy*.<\/p>\t\t\t\t\t\t\t\t<\/div>\n\t\t\t\t<\/div>\n\t\t\t\t<div class=\"elementor-element elementor-element-b353f03 elementor-align-center elementor-widget elementor-widget-button\" data-id=\"b353f03\" data-element_type=\"widget\" data-e-type=\"widget\" data-widget_type=\"button.default\">\n\t\t\t\t<div class=\"elementor-widget-container\">\n\t\t\t\t\t\t\t\t\t<div class=\"elementor-button-wrapper\">\n\t\t\t\t\t<a class=\"elementor-button elementor-button-link elementor-size-sm elementor-animation-float\" href=\"https:\/\/szymanczyk.eu\/wp-content\/uploads\/2025\/05\/pelnomocnictwo_naWALNE-NCH-2025.doc\" target=\"_blank\">\n\t\t\t\t\t\t<span class=\"elementor-button-content-wrapper\">\n\t\t\t\t\t\t<span class=\"elementor-button-icon\">\n\t\t\t\t<svg aria-hidden=\"true\" class=\"e-font-icon-svg e-far-file-word\" viewBox=\"0 0 384 512\" xmlns=\"http:\/\/www.w3.org\/2000\/svg\"><path d=\"M369.9 97.9L286 14C277 5 264.8-.1 252.1-.1H48C21.5 0 0 21.5 0 48v416c0 26.5 21.5 48 48 48h288c26.5 0 48-21.5 48-48V131.9c0-12.7-5.1-25-14.1-34zM332.1 128H256V51.9l76.1 76.1zM48 464V48h160v104c0 13.3 10.7 24 24 24h104v288H48zm220.1-208c-5.7 0-10.6 4-11.7 9.5-20.6 97.7-20.4 95.4-21 103.5-.2-1.2-.4-2.6-.7-4.3-.8-5.1.3.2-23.6-99.5-1.3-5.4-6.1-9.2-11.7-9.2h-13.3c-5.5 0-10.3 3.8-11.7 9.1-24.4 99-24 96.2-24.8 103.7-.1-1.1-.2-2.5-.5-4.2-.7-5.2-14.1-73.3-19.1-99-1.1-5.6-6-9.7-11.8-9.7h-16.8c-7.8 0-13.5 7.3-11.7 14.8 8 32.6 26.7 109.5 33.2 136 1.3 5.4 6.1 9.1 11.7 9.1h25.2c5.5 0 10.3-3.7 11.6-9.1l17.9-71.4c1.5-6.2 2.5-12 3-17.3l2.9 17.3c.1.4 12.6 50.5 17.9 71.4 1.3 5.3 6.1 9.1 11.6 9.1h24.7c5.5 0 10.3-3.7 11.6-9.1 20.8-81.9 30.2-119 34.5-136 1.9-7.6-3.8-14.9-11.6-14.9h-15.8z\"><\/path><\/svg>\t\t\t<\/span>\n\t\t\t\t\t\t\t\t\t<span class=\"elementor-button-text\">POBIERZ FORMULARZ<\/span>\n\t\t\t\t\t<\/span>\n\t\t\t\t\t<\/a>\n\t\t\t\t<\/div>\n\t\t\t\t\t\t\t\t<\/div>\n\t\t\t\t<\/div>\n\t\t\t\t<div class=\"elementor-element elementor-element-9306296 elementor-widget elementor-widget-text-editor\" data-id=\"9306296\" data-element_type=\"widget\" data-e-type=\"widget\" data-widget_type=\"text-editor.default\">\n\t\t\t\t<div class=\"elementor-widget-container\">\n\t\t\t\t\t\t\t\t\t<p>* z tej strony <a class=\"moz-txt-link-abbreviated\" href=\"http:\/\/www.szymanczyk.eu\">www.szymanczyk.eu<\/a> mo\u017cna pobra\u0107 formularz pe\u0142nomocnictwa, kt\u00f3rego wype\u0142nienie pozwoli Pa\u0144stwu otrzyma\u0107 kart\u0119 do g\u0142osowania za drugiego cz\u0142onka sp\u00f3\u0142dzielni, kt\u00f3ry w dniu g\u0142osowania nie mo\u017ce by\u0107 obecny na Walnym Zgromadzeniu, lub upowa\u017cni\u0107 dowoln\u0105 doros\u0142\u0105 osob\u0119 do g\u0142osowania w Waszym imieniu.<\/p>\t\t\t\t\t\t\t\t<\/div>\n\t\t\t\t<\/div>\n\t\t\t\t\t<\/div>\n\t\t\t\t<\/div>\n\t\t<div class=\"elementor-element elementor-element-0fbaab6 e-flex e-con-boxed e-con e-parent\" data-id=\"0fbaab6\" data-element_type=\"container\" data-e-type=\"container\" data-settings=\"{&quot;background_background&quot;:&quot;classic&quot;}\">\n\t\t\t\t\t<div class=\"e-con-inner\">\n\t\t\t\t<div class=\"elementor-element elementor-element-eb0f7ff elementor-widget elementor-widget-heading\" data-id=\"eb0f7ff\" data-element_type=\"widget\" data-e-type=\"widget\" data-widget_type=\"heading.default\">\n\t\t\t\t<div class=\"elementor-widget-container\">\n\t\t\t\t\t<p class=\"elementor-heading-title elementor-size-default\">szymanczyk.eu<\/p>\t\t\t\t<\/div>\n\t\t\t\t<\/div>\n\t\t\t\t\t<\/div>\n\t\t\t\t<\/div>\n\t\t\t\t<\/div>\n\t\t","protected":false},"excerpt":{"rendered":"<p>Dariusz Szyma\u0144czyk +48 501 021 831 dariusz@szymanczyk.eu WYBORY DO ZARZ\u0104DU W SBM NASZA CHATA Poniewa\u017c w SBM Nasza Chata planowane s\u0105 powa\u017cne zmiany w sk\u0142adzie Zarz\u0105du, postanowi\u0142em ubiega\u0107 si\u0119 o miejsce w nowym Zarz\u0105dzie. Nazywam si\u0119 Dariusz Szyma\u0144czyk, mieszkam przy ul. Osowskiej 33 i od niemal 30 lat jestem cz\u0142onkiem SBM Nasza Chata. Z wykszta\u0142cenia [&hellip;]<\/p>\n","protected":false},"author":1,"featured_media":0,"parent":0,"menu_order":0,"comment_status":"closed","ping_status":"closed","template":"elementor_canvas","meta":{"footnotes":""},"class_list":["post-2","page","type-page","status-publish","hentry"],"_links":{"self":[{"href":"https:\/\/szymanczyk.eu\/index.php\/wp-json\/wp\/v2\/pages\/2","targetHints":{"allow":["GET"]}}],"collection":[{"href":"https:\/\/szymanczyk.eu\/index.php\/wp-json\/wp\/v2\/pages"}],"about":[{"href":"https:\/\/szymanczyk.eu\/index.php\/wp-json\/wp\/v2\/types\/page"}],"author":[{"embeddable":true,"href":"https:\/\/szymanczyk.eu\/index.php\/wp-json\/wp\/v2\/users\/1"}],"replies":[{"embeddable":true,"href":"https:\/\/szymanczyk.eu\/index.php\/wp-json\/wp\/v2\/comments?post=2"}],"version-history":[{"count":35,"href":"https:\/\/szymanczyk.eu\/index.php\/wp-json\/wp\/v2\/pages\/2\/revisions"}],"predecessor-version":[{"id":50,"href":"https:\/\/szymanczyk.eu\/index.php\/wp-json\/wp\/v2\/pages\/2\/revisions\/50"}],"wp:attachment":[{"href":"https:\/\/szymanczyk.eu\/index.php\/wp-json\/wp\/v2\/media?parent=2"}],"curies":[{"name":"wp","href":"https:\/\/api.w.org\/{rel}","templated":true}]}}